{"id":396,"date":"2019-03-19T01:11:47","date_gmt":"2019-03-19T01:11:47","guid":{"rendered":"http:\/\/sinagresiones.fundacioncaje.org\/?page_id=396"},"modified":"2019-03-19T01:11:47","modified_gmt":"2019-03-19T01:11:47","slug":"resultados-campana-elecciones-sin-agresiones","status":"publish","type":"page","link":"https:\/\/sinagresiones.fundacioncaje.org\/index.php\/campana\/resultados-campana-elecciones-sin-agresiones\/","title":{"rendered":"RESULTADOS CAMPA\u00d1A ELECCIONES SIN AGRESIONES"},"content":{"rendered":"<p>La Campa\u00f1a Elecciones sin Agresiones, presenta los resultados del monitoreo de los diferentes movimientos pol\u00edticos y medios de comunicaci\u00f3n en redes sociales.En este per\u00edodo, se observ\u00f3 8 movimientos  pol\u00edticos que fueron objeto de agresi\u00f3n a trav\u00e9s de memes, comentarios, y fan page.En total se contabiliz\u00f3 un total de 68 agresiones.<\/p>\n<p><a href=\"https:\/\/sinagresiones.fundacioncaje.org\/wp-content\/uploads\/2019\/01\/Ficha.pdf\">Ficha <\/a><\/p>\n","protected":false},"excerpt":{"rendered":"<p>La Campa\u00f1a Elecciones sin Agresiones, presenta los resultados del monitoreo de los diferentes movimientos pol\u00edticos y medios de comunicaci\u00f3n en redes sociales.En este per\u00edodo, se [&hellip;]<\/p>\n","protected":false},"author":3,"featured_media":0,"parent":236,"menu_order":0,"comment_status":"closed","ping_status":"closed","template":"homepage.php","meta":{"footnotes":""},"class_list":["post-396","page","type-page","status-publish","hentry"],"_links":{"self":[{"href":"https:\/\/sinagresiones.fundacioncaje.org\/index.php\/wp-json\/wp\/v2\/pages\/396","targetHints":{"allow":["GET"]}}],"collection":[{"href":"https:\/\/sinagresiones.fundacioncaje.org\/index.php\/wp-json\/wp\/v2\/pages"}],"about":[{"href":"https:\/\/sinagresiones.fundacioncaje.org\/index.php\/wp-json\/wp\/v2\/types\/page"}],"author":[{"embeddable":true,"href":"https:\/\/sinagresiones.fundacioncaje.org\/index.php\/wp-json\/wp\/v2\/users\/3"}],"replies":[{"embeddable":true,"href":"https:\/\/sinagresiones.fundacioncaje.org\/index.php\/wp-json\/wp\/v2\/comments?post=396"}],"version-history":[{"count":1,"href":"https:\/\/sinagresiones.fundacioncaje.org\/index.php\/wp-json\/wp\/v2\/pages\/396\/revisions"}],"predecessor-version":[{"id":397,"href":"https:\/\/sinagresiones.fundacioncaje.org\/index.php\/wp-json\/wp\/v2\/pages\/396\/revisions\/397"}],"up":[{"embeddable":true,"href":"https:\/\/sinagresiones.fundacioncaje.org\/index.php\/wp-json\/wp\/v2\/pages\/236"}],"wp:attachment":[{"href":"https:\/\/sinagresiones.fundacioncaje.org\/index.php\/wp-json\/wp\/v2\/media?parent=396"}],"curies":[{"name":"wp","href":"https:\/\/api.w.org\/{rel}","templated":true}]}}