{"id":236,"date":"2019-01-06T22:41:28","date_gmt":"2019-01-06T22:41:28","guid":{"rendered":"http:\/\/sinagresiones.fundacioncaje.org\/?page_id=236"},"modified":"2019-01-14T20:47:07","modified_gmt":"2019-01-14T20:47:07","slug":"campana","status":"publish","type":"page","link":"https:\/\/sinagresiones.fundacioncaje.org\/index.php\/campana\/","title":{"rendered":"#EleccionesSinAgresiones"},"content":{"rendered":"<p>Campa\u00f1a c\u00edvica y ciudadana en busca de una cultura de paz durante las elecciones seccionales 2019.<\/p>\n<p>Objetivos de la Campa\u00f1a:<br \/>\nPromover una cultura del respeto a la dignidad, de \u00e9tica y tolerancia en este proceso electoral 2019<\/p>\n<p>OBJETIVOS ESPECIFICOS:<br \/>\nImplementar una Campa\u00f1a C\u00edvica a favor del respeto, que evite la promoci\u00f3n del odio, el desprecio y la discriminaci\u00f3n a las y los candidatos, e impulsar mecanismos de di\u00e1logo<\/p>\n<p>Establecer y Suscribir Un Pacto \u00c9tico de los candidatos, quienes se comprometen a desarrollar su campa\u00f1a pol\u00edtica sin acudir a insultos, agresiones, estigmatizaciones y otras formas de violencia.<\/p>\n<p>Comprometer a los seguidores y militantes de partidos y movimientos pol\u00edticos a que en sus actividades de apoyo no recurran a la violencia en su nombre, ofrezcan informaci\u00f3n veraz y no acudan a intimidaci\u00f3n, coacci\u00f3n o corrupci\u00f3n electoral. a fin de evitar los hechos violentos e intolerantes derivados de la contienda electoral. <\/p>\n<p>Incentivar, comprometer y garantizar la mayor participaci\u00f3n de la ciudadan\u00eda se unan al debate y a la discusi\u00f3n de ideas sin incitar la violencia, y que esta etiqueta se use como sanci\u00f3n moral a quienes lo hagan. De igual manera, los ciudadanos podr\u00e1n sumarse a la firma del pacto a trav\u00e9s de una \u2018 firma por tu respeto al voto\u201d virtual que se realizar\u00e1 en una  plataforma web <\/p>\n<p>&nbsp;<\/p>\n","protected":false},"excerpt":{"rendered":"<p>Campa\u00f1a c\u00edvica y ciudadana en busca de una cultura de paz durante las elecciones seccionales 2019. Objetivos de la Campa\u00f1a: Promover una cultura del respeto [&hellip;]<\/p>\n","protected":false},"author":3,"featured_media":238,"parent":0,"menu_order":0,"comment_status":"closed","ping_status":"closed","template":"","meta":{"footnotes":""},"class_list":["post-236","page","type-page","status-publish","has-post-thumbnail","hentry"],"_links":{"self":[{"href":"https:\/\/sinagresiones.fundacioncaje.org\/index.php\/wp-json\/wp\/v2\/pages\/236","targetHints":{"allow":["GET"]}}],"collection":[{"href":"https:\/\/sinagresiones.fundacioncaje.org\/index.php\/wp-json\/wp\/v2\/pages"}],"about":[{"href":"https:\/\/sinagresiones.fundacioncaje.org\/index.php\/wp-json\/wp\/v2\/types\/page"}],"author":[{"embeddable":true,"href":"https:\/\/sinagresiones.fundacioncaje.org\/index.php\/wp-json\/wp\/v2\/users\/3"}],"replies":[{"embeddable":true,"href":"https:\/\/sinagresiones.fundacioncaje.org\/index.php\/wp-json\/wp\/v2\/comments?post=236"}],"version-history":[{"count":9,"href":"https:\/\/sinagresiones.fundacioncaje.org\/index.php\/wp-json\/wp\/v2\/pages\/236\/revisions"}],"predecessor-version":[{"id":366,"href":"https:\/\/sinagresiones.fundacioncaje.org\/index.php\/wp-json\/wp\/v2\/pages\/236\/revisions\/366"}],"wp:featuredmedia":[{"embeddable":true,"href":"https:\/\/sinagresiones.fundacioncaje.org\/index.php\/wp-json\/wp\/v2\/media\/238"}],"wp:attachment":[{"href":"https:\/\/sinagresiones.fundacioncaje.org\/index.php\/wp-json\/wp\/v2\/media?parent=236"}],"curies":[{"name":"wp","href":"https:\/\/api.w.org\/{rel}","templated":true}]}}